{"id":388,"date":"2025-03-28T22:48:01","date_gmt":"2025-03-28T22:48:01","guid":{"rendered":"http:\/\/idazstudio.com\/?page_id=388"},"modified":"2025-07-01T16:44:06","modified_gmt":"2025-07-01T09:44:06","slug":"dich-vu","status":"publish","type":"page","link":"https:\/\/idazstudio.com\/?page_id=388","title":{"rendered":"D\u1ecbch v\u1ee5"},"content":{"rendered":"\t<section class=\"section\" id=\"section_1843802951\">\n\t\t<div class=\"bg section-bg fill bg-fill  \" >\n\n\t\t\t\n\t\t\t<div class=\"section-bg-overlay absolute fill\"><\/div>\n\t\t\t\n\n\t\t<\/div>\n\n\t\t\n\n\t\t<div class=\"section-content relative\">\n\t\t\t\n<div class=\"row row-collapse align-center\"  id=\"row-670855326\">\n\n\t<div id=\"col-505104822\" class=\"col medium-6 small-12 large-6\"  >\n\t\t\t\t<div class=\"col-inner text-center\"  >\n\t\t\t\n\t\t\t\n\t<div id=\"text-234084922\" class=\"text\">\n\t\t\n<h2>B\u1ea3ng Gi\u00e1 D\u1ecbch V\u1ee5<\/h2>\n\t\t\n<style>\n#text-234084922 {\n  font-size: 1.35rem;\n}\n<\/style>\n\t<\/div>\n\t\n\t\t<\/div>\n\t\t\t\t\t<\/div>\n\n\t\n<\/div>\n\t\t<\/div>\n\n\t\t\n<style>\n#section_1843802951 {\n  padding-top: 80px;\n  padding-bottom: 80px;\n  background-color: rgb(255,255,255);\n}\n#section_1843802951 .section-bg-overlay {\n  background-color: rgba(245, 245, 247, 0.907);\n}\n#section_1843802951 .section-bg.bg-loaded {\n  background-image: url(https:\/\/idazstudio.com\/wp-content\/uploads\/2016\/08\/Serenity-in-her-eyes2-scaled.jpg);\n}\n#section_1843802951 .section-bg {\n  background-position: 65% 49%;\n}\n#section_1843802951 .ux-shape-divider--top svg {\n  height: 150px;\n  --divider-top-width: 100%;\n}\n#section_1843802951 .ux-shape-divider--bottom svg {\n  height: 150px;\n  --divider-width: 100%;\n}\n<\/style>\n\t<\/section>\n\t\n\t<section class=\"section\" id=\"section_2136035536\">\n\t\t<div class=\"bg section-bg fill bg-fill  bg-loaded\" >\n\n\t\t\t\n\t\t\t\n\t\t\t\n\n\t\t<\/div>\n\n\t\t\n\n\t\t<div class=\"section-content relative\">\n\t\t\t\n<div class=\"row align-center\"  id=\"row-1762261631\">\n\n\t<div id=\"col-2036196540\" class=\"col medium-7 small-12 large-5\"  >\n\t\t\t\t<div class=\"col-inner text-center\"  >\n\t\t\t\n\t\t\t\n<h6>L\u01afU GI\u1eee NH\u1eeeNG KHO\u1ea2NH KH\u1eaeC<\/h6>\n\t<div id=\"text-1794301374\" class=\"text\">\n\t\t\n<h2>B\u1ea2NG D\u1ecaCH V\u1ee4 CH\u1ee4P \u1ea2NH<\/h2>\n\t\t\n<style>\n#text-1794301374 {\n  font-size: 1.5rem;\n}\n<\/style>\n\t<\/div>\n\t\n\t\t<\/div>\n\t\t\t\t\t<\/div>\n\n\t\n<\/div>\n<div class=\"row row-small\"  id=\"row-1229232362\">\n\n\t<div id=\"col-1005998263\" class=\"col medium-4 small-12 large-4\"  >\n\t\t\t\t<div class=\"col-inner text-center\"  >\n\t\t\t\n\t\t\t\n\t<div class=\"box has-hover   has-hover box-text-bottom\" >\n\n\t\t<div class=\"box-image\" >\n\t\t\t\t\t\t<div class=\"image-cover\" style=\"padding-top:400px;\">\n\t\t\t\t<img loading=\"lazy\" decoding=\"async\" width=\"1707\" height=\"2560\" src=\"https:\/\/idazstudio.com\/wp-content\/uploads\/2016\/08\/Serenity-in-her-eyes8-scaled.jpg\" class=\"attachment- size-\" alt=\"Serenity In Her Eyes\" srcset=\"https:\/\/idazstudio.com\/wp-content\/uploads\/2016\/08\/Serenity-in-her-eyes8-scaled.jpg 1707w, https:\/\/idazstudio.com\/wp-content\/uploads\/2016\/08\/Serenity-in-her-eyes8-267x400.jpg 267w, https:\/\/idazstudio.com\/wp-content\/uploads\/2016\/08\/Serenity-in-her-eyes8-533x800.jpg 533w, https:\/\/idazstudio.com\/wp-content\/uploads\/2016\/08\/Serenity-in-her-eyes8-768x1152.jpg 768w, https:\/\/idazstudio.com\/wp-content\/uploads\/2016\/08\/Serenity-in-her-eyes8-1024x1536.jpg 1024w, https:\/\/idazstudio.com\/wp-content\/uploads\/2016\/08\/Serenity-in-her-eyes8-1365x2048.jpg 1365w\" sizes=\"auto, (max-width: 1707px) 100vw, 1707px\" \/>\t\t\t\t\t\t\t\t\t\t\t<\/div>\n\t\t\t\t\t<\/div>\n\n\t\t<div class=\"box-text text-center\" >\n\t\t\t<div class=\"box-text-inner\">\n\t\t\t\t\n\t<div id=\"gap-161394163\" class=\"gap-element clearfix\" style=\"display:block; height:auto;\">\n\t\t\n<style>\n#gap-161394163 {\n  padding-top: 10px;\n}\n<\/style>\n\t<\/div>\n\t\n\t<div id=\"text-640975528\" class=\"text\">\n\t\t\n<h3 class=\"uppercase\">\u1ea2NH C\u00c1 NH\u00c2N<\/h3>\n\t\t\n<style>\n#text-640975528 {\n  font-size: 1.2rem;\n}\n<\/style>\n\t<\/div>\n\t\n\t<div id=\"text-1641193456\" class=\"text\">\n\t\t\n<p>G\u00f3i d\u00e0nh cho kh\u00e1ch h\u00e0ng c\u00e1 nh\u00e2n. T\u00ednh theo m\u1ed7i ng\u01b0\u1eddi ch\u1ee5p. Thi\u1ebft k\u1ebf t\u1ed1i \u01b0u cho \u1ea3nh c\u00e1 nh\u00e2n.<\/p>\n\t\t\n<style>\n#text-1641193456 {\n  font-size: 1.05rem;\n}\n<\/style>\n\t<\/div>\n\t\n<a href=\"https:\/\/idazstudio.com\/thu-vien-anh\/ca-nhan-gia-dinh\/\" target=\"_self\" class=\"button primary\"  >\n    <span>Xem th\u00eam \u1ea3nh N\u1eef | Nam | M\u1eb9 b\u1ea7u | Em b\u00e9<\/span>\n  <\/a>\n\n<a href=\"https:\/\/idazstudio.com\/bang-gia-anh-ca-nhan\/\" target=\"_self\" class=\"button white expand\"  style=\"border-radius:10px;padding:10px 0px 10px 0px;\">\n    <span>Xem B\u1ea3ng Gi\u00e1<\/span>\n  <i class=\"icon-angle-right\" ><\/i><\/a>\n\n\t\t\t<\/div>\n\t\t<\/div>\n\t<\/div>\n\t\n\t\t<\/div>\n\t\t\t\t\t<\/div>\n\n\t\n\n\t<div id=\"col-1492317609\" class=\"col medium-4 small-12 large-4\"  >\n\t\t\t\t<div class=\"col-inner text-center\"  >\n\t\t\t\n\t\t\t\n\t<div class=\"box has-hover   has-hover box-text-bottom\" >\n\n\t\t<div class=\"box-image\" >\n\t\t\t\t\t\t<div class=\"image-cover\" style=\"padding-top:400px;\">\n\t\t\t\t<img loading=\"lazy\" decoding=\"async\" width=\"337\" height=\"656\" src=\"https:\/\/idazstudio.com\/wp-content\/uploads\/2025\/03\/Layer-16.png\" class=\"attachment-original size-original\" alt=\"\" srcset=\"https:\/\/idazstudio.com\/wp-content\/uploads\/2025\/03\/Layer-16.png 337w, https:\/\/idazstudio.com\/wp-content\/uploads\/2025\/03\/Layer-16-205x400.png 205w\" sizes=\"auto, (max-width: 337px) 100vw, 337px\" \/>\t\t\t\t\t\t\t\t\t\t\t<\/div>\n\t\t\t\t\t<\/div>\n\n\t\t<div class=\"box-text text-center\" >\n\t\t\t<div class=\"box-text-inner\">\n\t\t\t\t\n\t<div id=\"gap-1165556355\" class=\"gap-element clearfix\" style=\"display:block; height:auto;\">\n\t\t\n<style>\n#gap-1165556355 {\n  padding-top: 10px;\n}\n<\/style>\n\t<\/div>\n\t\n\t<div id=\"text-3382393864\" class=\"text\">\n\t\t\n<h3 class=\"uppercase\">\u1ea2NH COUPLE \/ \u0110\u00d4I \/ NH\u00d3M<\/h3>\n\t\t\n<style>\n#text-3382393864 {\n  font-size: 1.2rem;\n}\n<\/style>\n\t<\/div>\n\t\n\t<div id=\"text-2096567050\" class=\"text\">\n\t\t\n<p>G\u00f3i d\u00e0nh cho Couple, b\u1ea1n th\u00e2n, m\u1eb9 &amp; b\u00e9. Thi\u1ebft k\u1ebf cho 2-4 ng\u01b0\u1eddi chung khung h\u00ecnh.<\/p>\n\t\t\n<style>\n#text-2096567050 {\n  font-size: 1.05rem;\n}\n<\/style>\n\t<\/div>\n\t\n<a href=\"https:\/\/idazstudio.com\/thu-vien-anh\/ca-nhan-gia-dinh\/\" target=\"_self\" class=\"button primary\"  >\n    <span>Xem th\u00eam \u1ea3nh C\u1eb7p \u0111\u00f4i | Nh\u00f3m | M\u1eb9 & B\u00e9<\/span>\n  <\/a>\n\n\t\t\t<\/div>\n\t\t<\/div>\n\t<\/div>\n\t\n<a href=\"https:\/\/idazstudio.com\/bang-gia-couple-nhom\/\" target=\"_self\" class=\"button white expand\"  style=\"border-radius:10px;padding:10px 0px 10px 0px;\">\n    <span>Xem B\u1ea3ng Gi\u00e1<\/span>\n  <i class=\"icon-angle-right\" ><\/i><\/a>\n\n\t\t<\/div>\n\t\t\t\t\t<\/div>\n\n\t\n\n\t<div id=\"col-2052566883\" class=\"col medium-4 small-12 large-4\"  >\n\t\t\t\t<div class=\"col-inner text-center\"  >\n\t\t\t\n\t\t\t\n\t<div class=\"box has-hover   has-hover box-text-bottom\" >\n\n\t\t<div class=\"box-image\" >\n\t\t\t\t\t\t<div class=\"image-cover\" style=\"padding-top:400px;\">\n\t\t\t\t<img loading=\"lazy\" decoding=\"async\" width=\"1365\" height=\"2048\" src=\"https:\/\/idazstudio.com\/wp-content\/uploads\/2016\/08\/Mother-Daughter3.jpg\" class=\"attachment-original size-original\" alt=\"Mother &amp; Daughter\" srcset=\"https:\/\/idazstudio.com\/wp-content\/uploads\/2016\/08\/Mother-Daughter3.jpg 1365w, https:\/\/idazstudio.com\/wp-content\/uploads\/2016\/08\/Mother-Daughter3-267x400.jpg 267w, https:\/\/idazstudio.com\/wp-content\/uploads\/2016\/08\/Mother-Daughter3-533x800.jpg 533w, https:\/\/idazstudio.com\/wp-content\/uploads\/2016\/08\/Mother-Daughter3-768x1152.jpg 768w, https:\/\/idazstudio.com\/wp-content\/uploads\/2016\/08\/Mother-Daughter3-1024x1536.jpg 1024w\" sizes=\"auto, (max-width: 1365px) 100vw, 1365px\" \/>\t\t\t\t\t\t\t\t\t\t\t<\/div>\n\t\t\t\t\t<\/div>\n\n\t\t<div class=\"box-text text-center\" >\n\t\t\t<div class=\"box-text-inner\">\n\t\t\t\t\n\t<div id=\"gap-1932049633\" class=\"gap-element clearfix\" style=\"display:block; height:auto;\">\n\t\t\n<style>\n#gap-1932049633 {\n  padding-top: 10px;\n}\n<\/style>\n\t<\/div>\n\t\n\t<div id=\"text-4174927027\" class=\"text\">\n\t\t\n<h3 class=\"uppercase\">\u1ea2NH GIA \u0110\u00ccNH<\/h3>\n\t\t\n<style>\n#text-4174927027 {\n  font-size: 1.2rem;\n}\n<\/style>\n\t<\/div>\n\t\n\t<div id=\"text-783660095\" class=\"text\">\n\t\t\n<p>G\u00f3i d\u00e0nh cho gia \u0111\u00ecnh t\u1eeb 3 ng\u01b0\u1eddi. Concept ch\u1ee5p \u1ea5m c\u00fang, t\u1ef1 nhi\u00ean.<\/p>\n\t\t\n<style>\n#text-783660095 {\n  font-size: 1.05rem;\n}\n<\/style>\n\t<\/div>\n\t\n<a href=\"https:\/\/idazstudio.com\/thu-vien-anh\/ca-nhan-gia-dinh\/\" target=\"_self\" class=\"button primary\"  >\n    <span>Xem th\u00eam \u1ea3nh C\u1eb7p \u0111\u00f4i | Nh\u00f3m | M\u1eb9 & B\u00e9<\/span>\n  <\/a>\n\n\t\t\t<\/div>\n\t\t<\/div>\n\t<\/div>\n\t\n<a href=\"https:\/\/idazstudio.com\/bang-gia-gia-dinh\/\" target=\"_self\" class=\"button white expand\"  style=\"border-radius:10px;padding:10px 0px 10px 0px;\">\n    <span>Xem B\u1ea3ng Gi\u00e1<\/span>\n  <i class=\"icon-angle-right\" ><\/i><\/a>\n\n\t\t<\/div>\n\t\t\t\t\t<\/div>\n\n\t\n\n\t<div id=\"col-638985677\" class=\"col medium-6 small-12 large-6\"  >\n\t\t\t\t<div class=\"col-inner text-center\"  >\n\t\t\t\n\t\t\t\n\t<div class=\"box has-hover   has-hover box-text-bottom\" >\n\n\t\t<div class=\"box-image\" >\n\t\t\t\t\t\t<div class=\"image-cover\" style=\"padding-top:400px;\">\n\t\t\t\t<img loading=\"lazy\" decoding=\"async\" width=\"2560\" height=\"1280\" src=\"https:\/\/idazstudio.com\/wp-content\/uploads\/2025\/04\/Hero-banner-14-scaled.jpg\" class=\"attachment-original size-original\" alt=\"\" srcset=\"https:\/\/idazstudio.com\/wp-content\/uploads\/2025\/04\/Hero-banner-14-scaled.jpg 2560w, https:\/\/idazstudio.com\/wp-content\/uploads\/2025\/04\/Hero-banner-14-800x400.jpg 800w, https:\/\/idazstudio.com\/wp-content\/uploads\/2025\/04\/Hero-banner-14-1400x700.jpg 1400w, https:\/\/idazstudio.com\/wp-content\/uploads\/2025\/04\/Hero-banner-14-768x384.jpg 768w, https:\/\/idazstudio.com\/wp-content\/uploads\/2025\/04\/Hero-banner-14-1536x768.jpg 1536w, https:\/\/idazstudio.com\/wp-content\/uploads\/2025\/04\/Hero-banner-14-2048x1024.jpg 2048w, https:\/\/idazstudio.com\/wp-content\/uploads\/2025\/04\/Hero-banner-14-600x300.jpg 600w\" sizes=\"auto, (max-width: 2560px) 100vw, 2560px\" \/>\t\t\t\t\t\t\t\t\t\t\t<\/div>\n\t\t\t\t\t<\/div>\n\n\t\t<div class=\"box-text text-center\" >\n\t\t\t<div class=\"box-text-inner\">\n\t\t\t\t\n\t<div id=\"gap-1341050658\" class=\"gap-element clearfix\" style=\"display:block; height:auto;\">\n\t\t\n<style>\n#gap-1341050658 {\n  padding-top: 10px;\n}\n<\/style>\n\t<\/div>\n\t\n\t<div id=\"text-795303287\" class=\"text\">\n\t\t\n<h3 class=\"uppercase\">\u1ea2NH WEDDING<\/h3>\n\t\t\n<style>\n#text-795303287 {\n  font-size: 1.2rem;\n}\n<\/style>\n\t<\/div>\n\t\n\t<div id=\"text-2962986286\" class=\"text\">\n\t\t\n<p>L\u01b0u \u00fd: \u0111\u1ed1i v\u1edbi c\u00e1c g\u00f3i c\u01b0\u1edbi t\u1ea1i IDAZ, ch\u00fang t\u00f4i kh\u00f4ng cung c\u1ea5p tr\u1ea3i nghi\u1ec7m th\u1eed \u0111\u1ea7m c\u01b0\u1edbi. Ch\u00fang t\u00f4i ch\u1ec9 cung c\u1ea5p Layout Wedding c\u00f3 s\u1eb5n.<\/p>\n\t\t\n<style>\n#text-2962986286 {\n  font-size: 1.05rem;\n}\n<\/style>\n\t<\/div>\n\t\n<a href=\"https:\/\/idazstudio.com\/thu-vien-anh\/anh-cuoi\/\" target=\"_self\" class=\"button primary\"  >\n    <span>Xem th\u00eam \u1ea3nh Wedding<\/span>\n  <\/a>\n\n<a href=\"https:\/\/idazstudio.com\/bang-gia-wedding\/\" target=\"_self\" class=\"button white expand\"  style=\"border-radius:10px;padding:10px 0px 10px 0px;\">\n    <span>Xem B\u1ea3ng Gi\u00e1<\/span>\n  <i class=\"icon-angle-right\" ><\/i><\/a>\n\n\t\t\t<\/div>\n\t\t<\/div>\n\t<\/div>\n\t\n\t\t<\/div>\n\t\t\t\t\t<\/div>\n\n\t\n\n\t<div id=\"col-2069653029\" class=\"col medium-6 small-12 large-6\"  >\n\t\t\t\t<div class=\"col-inner text-center\"  >\n\t\t\t\n\t\t\t\n\t<div class=\"box has-hover   has-hover box-text-bottom\" >\n\n\t\t<div class=\"box-image\" >\n\t\t\t\t\t\t<div class=\"image-cover\" style=\"padding-top:400px;\">\n\t\t\t\t<img loading=\"lazy\" decoding=\"async\" width=\"640\" height=\"853\" src=\"https:\/\/idazstudio.com\/wp-content\/uploads\/2025\/06\/xavier-teo-SxAXphIPWeg-unsplash.jpg\" class=\"attachment-original size-original\" alt=\"\" srcset=\"https:\/\/idazstudio.com\/wp-content\/uploads\/2025\/06\/xavier-teo-SxAXphIPWeg-unsplash.jpg 640w, https:\/\/idazstudio.com\/wp-content\/uploads\/2025\/06\/xavier-teo-SxAXphIPWeg-unsplash-300x400.jpg 300w, https:\/\/idazstudio.com\/wp-content\/uploads\/2025\/06\/xavier-teo-SxAXphIPWeg-unsplash-600x800.jpg 600w\" sizes=\"auto, (max-width: 640px) 100vw, 640px\" \/>\t\t\t\t\t\t\t\t\t\t\t<\/div>\n\t\t\t\t\t<\/div>\n\n\t\t<div class=\"box-text text-center\" >\n\t\t\t<div class=\"box-text-inner\">\n\t\t\t\t\n\t<div id=\"gap-136247062\" class=\"gap-element clearfix\" style=\"display:block; height:auto;\">\n\t\t\n<style>\n#gap-136247062 {\n  padding-top: 10px;\n}\n<\/style>\n\t<\/div>\n\t\n\t<div id=\"text-2976230579\" class=\"text\">\n\t\t\n<h3 class=\"uppercase\">\u1ea2NH QU\u1ea2NG C\u00c1O<\/h3>\n\t\t\n<style>\n#text-2976230579 {\n  font-size: 1.2rem;\n}\n<\/style>\n\t<\/div>\n\t\n\t<div id=\"text-868459110\" class=\"text\">\n\t\t\n<p>\u0110\u00e2y l\u00e0 b\u1ea3ng gi\u00e1 d\u00e0nh cho c\u00e1c c\u00f4ng vi\u1ec7c qu\u1ea3ng c\u00e1o, \u0111\u01b0\u1ee3c thi\u1ebft k\u1ebf chuy\u00ean bi\u1ec7t d\u00e0nh cho qu\u1ea3ng c\u00e1o.<\/p>\n\t\t\n<style>\n#text-868459110 {\n  font-size: 1.05rem;\n}\n<\/style>\n\t<\/div>\n\t\n<a class=\"button primary\"  >\n    <span>Xem th\u00eam \u1ea3nh Wedding<\/span>\n  <\/a>\n\n\t\t\t<\/div>\n\t\t<\/div>\n\t<\/div>\n\t\n<a href=\"http:\/\/bang-gia-2\" target=\"_self\" class=\"button white expand\"  style=\"border-radius:10px;padding:10px 0px 10px 0px;\">\n    <span>Xem B\u1ea3ng Gi\u00e1<\/span>\n  <i class=\"icon-angle-right\" ><\/i><\/a>\n\n\t\t<\/div>\n\t\t\t\t\t<\/div>\n\n\t\n<\/div>\n\t<div id=\"text-1997990344\" class=\"text\">\n\t\t\n<h2>B\u1ea2NG D\u1ecaCH V\u1ee4 CHO THU\u00ca<\/h2>\n\t\t\n<style>\n#text-1997990344 {\n  font-size: 1.5rem;\n  text-align: center;\n}\n<\/style>\n\t<\/div>\n\t\n<div class=\"row\"  id=\"row-153276419\">\n\n\t<div id=\"col-1486231172\" class=\"col small-12 large-12\"  >\n\t\t\t\t<div class=\"col-inner\"  >\n\t\t\t\n\t\t\t\n\t<div class=\"box has-hover   has-hover box-text-bottom\" >\n\n\t\t<div class=\"box-image\" >\n\t\t\t\t\t\t<div class=\"image-cover\" style=\"padding-top:75%;\">\n\t\t\t\t<img loading=\"lazy\" decoding=\"async\" width=\"1200\" height=\"1583\" src=\"https:\/\/idazstudio.com\/wp-content\/uploads\/2016\/08\/youth-pop3.png\" class=\"attachment- size-\" alt=\"youth-pop\" srcset=\"https:\/\/idazstudio.com\/wp-content\/uploads\/2016\/08\/youth-pop3.png 1200w, https:\/\/idazstudio.com\/wp-content\/uploads\/2016\/08\/youth-pop3-303x400.png 303w, https:\/\/idazstudio.com\/wp-content\/uploads\/2016\/08\/youth-pop3-606x800.png 606w, https:\/\/idazstudio.com\/wp-content\/uploads\/2016\/08\/youth-pop3-768x1013.png 768w, https:\/\/idazstudio.com\/wp-content\/uploads\/2016\/08\/youth-pop3-1164x1536.png 1164w\" sizes=\"auto, (max-width: 1200px) 100vw, 1200px\" \/>\t\t\t\t\t\t\t\t\t\t\t<\/div>\n\t\t\t\t\t<\/div>\n\n\t\t<div class=\"box-text text-center\" >\n\t\t\t<div class=\"box-text-inner\">\n\t\t\t\t\n\t<div id=\"gap-983441311\" class=\"gap-element clearfix\" style=\"display:block; height:auto;\">\n\t\t\n<style>\n#gap-983441311 {\n  padding-top: 10px;\n}\n<\/style>\n\t<\/div>\n\t\n<h3>STUDIO CH\u1ee4P \u1ea2NH<\/H3><\/p>\n<p>B\u1ea1n \u0111ang t\u00ecm ki\u1ebfm studio ch\u1ee5p \u1ea3nh chuy\u00ean nghi\u1ec7p t\u1ea1i TP.HCM v\u1edbi kh\u00f4ng gian \u0111\u1eb9p, \u0111\u1ea7y \u0111\u1ee7 thi\u1ebft b\u1ecb, gi\u00e1 h\u1ee3p l\u00fd? IDAZ mang \u0111\u1ebfn d\u1ecbch v\u1ee5 cho thu\u00ea ph\u00f2ng studio ch\u1ee5p \u1ea3nh v\u1edbi nhi\u1ec1u concept \u0111a d\u1ea1ng, gi\u00e1 t\u1ed1t, kh\u00f4ng ph\u00e1t sinh chi ph\u00ed<\/p>\n<a class=\"button primary\"  >\n    <span>Xem th\u00eam kh\u00f4ng gian studio<\/span>\n  <\/a>\n\n<a href=\"http:\/\/bang-gia-2\" target=\"_self\" class=\"button white expand\"  style=\"border-radius:10px;padding:10px 0px 10px 0px;\">\n    <span>Xem B\u1ea3ng Gi\u00e1<\/span>\n  <i class=\"icon-angle-right\" ><\/i><\/a>\n\n\t\t\t<\/div>\n\t\t<\/div>\n\t<\/div>\n\t\n\t\t<\/div>\n\t\t\t\t\t<\/div>\n\n\t\n<\/div>\n\t\t<\/div>\n\n\t\t\n<style>\n#section_2136035536 {\n  padding-top: 50px;\n  padding-bottom: 50px;\n}\n#section_2136035536 .ux-shape-divider--top svg {\n  height: 150px;\n  --divider-top-width: 100%;\n}\n#section_2136035536 .ux-shape-divider--bottom svg {\n  height: 150px;\n  --divider-width: 100%;\n}\n@media (min-width:850px) {\n  #section_2136035536 {\n    padding-top: 90px;\n    padding-bottom: 90px;\n  }\n}\n<\/style>\n\t<\/section>\n\t\n\t<section class=\"section\" id=\"section_813018262\">\n\t\t<div class=\"bg section-bg fill bg-fill  bg-loaded\" >\n\n\t\t\t\n\t\t\t\n\t\t\t\n\n\t\t<\/div>\n\n\t\t\n\n\t\t<div class=\"section-content relative\">\n\t\t\t\n<div class=\"row row-collapse align-center\"  id=\"row-1042487411\">\n\n\t<div id=\"col-943370378\" class=\"col border-radius-18 medium-10 small-11 large-12\"  >\n\t\t\t\t<div class=\"col-inner text-center box-shadow-1\" style=\"background-color:rgb(255,255,255);\" >\n\t\t\t\n\t\t\t\n<h1>Kh\u00f4ng bi\u1ebft ch\u1ecdn g\u00f3i n\u00e0o ph\u00f9 h\u1ee3p?<\/h1>\n<p>Li\u00ean h\u1ec7 ngay v\u1edbi \u0111\u1ed9i ng\u0169 TVB \u0111\u1ec3 \u0111\u01b0\u1ee3c t\u01b0 v\u1ea5n nhanh ch\u00f3ng.<\/p>\n<a class=\"button white\"  style=\"border-radius:99px;\">\n    <span>Zalo<\/span>\n  <\/a>\n\n<a class=\"button primary\"  style=\"border-radius:99px;\">\n    <span>Messenger<\/span>\n  <\/a>\n\n\t\t<\/div>\n\t\t\t\t\t<\/div>\n\n\t\n\n<style>\n#row-1042487411 > .col > .col-inner {\n  padding: 60px 60px 60px 60px;\n  background-color: rgb(245, 245, 247);\n  border-radius: 40px;\n}\n<\/style>\n<\/div>\n\t\t<\/div>\n\n\t\t\n<style>\n#section_813018262 {\n  padding-top: 100px;\n  padding-bottom: 100px;\n}\n#section_813018262 .ux-shape-divider--top svg {\n  height: 150px;\n  --divider-top-width: 100%;\n}\n#section_813018262 .ux-shape-divider--bottom svg {\n  height: 150px;\n  --divider-width: 100%;\n}\n@media (min-width:550px) {\n  #section_813018262 {\n    padding-top: 80px;\n    padding-bottom: 80px;\n  }\n}\n<\/style>\n\t<\/section>\n\t\n","protected":false},"excerpt":{"rendered":"","protected":false},"author":1,"featured_media":0,"parent":0,"menu_order":0,"comment_status":"closed","ping_status":"closed","template":"page-blank.php","meta":{"_acf_changed":false,"footnotes":""},"class_list":["post-388","page","type-page","status-publish","hentry"],"acf":[],"_links":{"self":[{"href":"https:\/\/idazstudio.com\/index.php?rest_route=\/wp\/v2\/pages\/388","targetHints":{"allow":["GET"]}}],"collection":[{"href":"https:\/\/idazstudio.com\/index.php?rest_route=\/wp\/v2\/pages"}],"about":[{"href":"https:\/\/idazstudio.com\/index.php?rest_route=\/wp\/v2\/types\/page"}],"author":[{"embeddable":true,"href":"https:\/\/idazstudio.com\/index.php?rest_route=\/wp\/v2\/users\/1"}],"replies":[{"embeddable":true,"href":"https:\/\/idazstudio.com\/index.php?rest_route=%2Fwp%2Fv2%2Fcomments&post=388"}],"version-history":[{"count":21,"href":"https:\/\/idazstudio.com\/index.php?rest_route=\/wp\/v2\/pages\/388\/revisions"}],"predecessor-version":[{"id":827,"href":"https:\/\/idazstudio.com\/index.php?rest_route=\/wp\/v2\/pages\/388\/revisions\/827"}],"wp:attachment":[{"href":"https:\/\/idazstudio.com\/index.php?rest_route=%2Fwp%2Fv2%2Fmedia&parent=388"}],"curies":[{"name":"wp","href":"https:\/\/api.w.org\/{rel}","templated":true}]}}